{"id":3,"date":"2022-11-15T13:57:23","date_gmt":"2022-11-15T13:57:23","guid":{"rendered":"http:\/\/localhost:10008\/?page_id=3"},"modified":"2025-05-02T09:25:34","modified_gmt":"2025-05-02T08:25:34","slug":"informazioni-legali","status":"publish","type":"page","link":"https:\/\/renouvelable-habitat.fr\/it\/informazioni-legali\/","title":{"rendered":"Informazioni legali"},"content":{"rendered":"<div class=\"gb-container gb-container-0cc42ab5 alignwide\">\n\n<p><strong>Copyright&nbsp;&nbsp;<\/strong>&nbsp;<\/p>\n\n\n\n<p>Il sito e il suo contenuto sono protetti dal diritto d'autore in conformit\u00e0 alle disposizioni dei libri da I a III del Codice della Propriet\u00e0 Intellettuale francese. Pertanto, qualsiasi riproduzione, rappresentazione, utilizzo, adattamento, modifica, incorporazione, traduzione o commercializzazione, parziale o totale, degli elementi contenuti in questo sito \u00e8 vietata senza la previa autorizzazione scritta degli autori, pena la violazione del diritto d'autore.&nbsp;<\/p>\n\n\n\n<p><strong>Modifica del sito<\/strong>&nbsp;<\/p>\n\n\n\n<p>Il sito web https:\/\/renouvelable-habitat.fr\/ \u00e8 pubblicato da renouvelable-habitat.fr&nbsp;<\/p>\n\n\n\n<p><strong>Responsabile della pubblicazione<\/strong>&nbsp;<\/p>\n\n\n\n<p>Benjamin Parcel. contact : benjamin@renouvelable-habitat.fr<\/p>\n\n\n\n<p><strong>Ospite<\/strong>&nbsp;<\/p>\n\n\n\n<p>Il sito web https:\/\/renouvelable-habitat.fr\/ \u00e8 ospitato da O2switch SARL.&nbsp;<\/p>\n\n\n\n<p>Il nome di dominio \u00e8 ospitato da O2switch SARL&nbsp;<\/p>\n\n\n\n<p>Indirizzo: 222 Boulevard Gustave Flaubert, 63000 Clermont-Ferrand&nbsp;<\/p>\n\n\n\n<p>Numero sirena: 510 909 807 00024&nbsp;<\/p>\n\n\n\n<p>O2 switch \u00e8 una societ\u00e0 a responsabilit\u00e0 limitata con capitale sociale di 100.000 euro.&nbsp;<\/p>\n\n\n\n<p>O2switch \u00e8 una societ\u00e0 del gruppo Zohey SAS con un capitale di 8.000.000 euro.&nbsp;<\/p>\n\n\n\n<p><strong>Utilizzo dei dati personali raccolti&nbsp;<\/strong>&nbsp;<\/p>\n\n\n\n<p>In generale, non siete obbligati a fornirci i vostri dati personali quando visitate il nostro sito web. Tuttavia, esistono alcune eccezioni a questo principio. Per alcuni servizi offerti dal nostro sito, potrebbe esservi richiesto di fornirci alcuni dati quali: il vostro nome, la vostra qualifica, il nome della vostra azienda, il vostro indirizzo e-mail e il vostro numero di telefono. \u00c8 il caso della compilazione del modulo online nella sezione \"contatti\". In ogni caso, l'utente pu\u00f2 rifiutare di fornire i propri dati personali. In questo caso, non sar\u00e0 possibile utilizzare i servizi del sito, in particolare richiedere informazioni sulla nostra azienda o ricevere le nostre newsletter.&nbsp;<\/p>\n\n\n\n<p>Infine, questo sito pu\u00f2 raccogliere automaticamente alcune informazioni sull'utente durante la semplice navigazione, in particolare informazioni sulle modalit\u00e0 di utilizzo, come le aree visitate e i servizi a cui si accede, l'indirizzo IP, il tipo di browser utilizzato e gli orari di accesso. Tali informazioni vengono utilizzate esclusivamente a fini statistici interni, al fine di migliorare la qualit\u00e0 dei servizi offerti all'utente. Le banche dati sono protette dalle disposizioni della legge del 1\u00b0 luglio 1998 che recepisce la direttiva 96\/9 dell'11 marzo 1996 sulla tutela giuridica delle banche dati.&nbsp;<\/p>\n\n\n\n<p><strong>Commenti<\/strong>&nbsp;<\/p>\n\n\n\n<p>Quando lasciate un commento sul nostro sito web, i dati inseriti nel modulo di commento, il vostro indirizzo IP e l'user agent del vostro browser vengono raccolti per aiutarci a individuare i commenti indesiderati.&nbsp;<\/p>\n\n\n\n<p>Una stringa anonima creata a partire dal vostro indirizzo e-mail (nota anche come hash) pu\u00f2 essere inviata al servizio Gravatar per verificare se lo state utilizzando. Le clausole di riservatezza del servizio Gravatar sono disponibili qui:&nbsp;&nbsp;<\/p>\n\n\n\n<p>Una volta convalidato il commento, la foto del profilo sar\u00e0 visibile pubblicamente accanto al commento.&nbsp;<\/p>\n\n\n\n<p>Se lasciate un commento sul nostro sito, vi verr\u00e0 chiesto di salvare il vostro nome, indirizzo e-mail e sito web nei cookie. Questo per pura comodit\u00e0 dell'utente, in modo che non debba inserire queste informazioni se lascia un altro commento in un secondo momento. Questi cookie scadono dopo un anno.&nbsp;<\/p>\n\n\n\n<p>Se si lascia un commento, il commento e i suoi metadati vengono conservati a tempo indeterminato. Ci\u00f2 consente di riconoscere e approvare automaticamente i commenti successivi, invece di lasciarli nella coda di moderazione.&nbsp;<\/p>\n\n\n\n<p>Gli articoli di questo sito possono includere contenuti incorporati (ad esempio video, immagini, articoli, ecc.). I contenuti incorporati di altri siti si comportano come se il visitatore stesse visitando l'altro sito. Questi siti web possono raccogliere dati sull'utente, utilizzare cookie, incorporare strumenti di tracciamento di terze parti e tracciare le interazioni dell'utente con questi contenuti incorporati se l'utente ha un account registrato sul loro sito web.&nbsp;<\/p>\n\n\n\n<p><strong>Media, immagini e video<\/strong>&nbsp;<\/p>\n\n\n\n<p>Le immagini e i video utilizzati e pubblicati su https:\/\/renouvelable-habitat.fr\/ provengono da Internet.  Per quanto possibile, cerchiamo di utilizzare immagini libere da diritti d'autore via <a href=\"https:\/\/pixabay.com\/fr\/\" target=\"_blank\" rel=\"noreferrer noopener\">https:\/\/pixabay.com\/fr\/<\/a> ad esempio.&nbsp;&nbsp;<\/p>\n\n\n\n<p>Se, tuttavia, sul nostro sito \u00e8 stata utilizzata un'immagine o un video per il quale i diritti non sono liberi, provvederemo a rimuovere immediatamente gli elementi dopo averci contattato via <a href=\"mailto:contact@renouvelable-habitat.fr\" target=\"_blank\" rel=\"noreferrer noopener\">contact@renouvelable-habitat.fr<\/a>&nbsp;<\/p>\n\n\n\n<p><strong>Biscotti<\/strong>&nbsp;<\/p>\n\n\n\n<p>Che cos'\u00e8 un biscotto?&nbsp;<\/p>\n\n\n\n<p>Un cookie \u00e8 un file elettronico memorizzato su un terminale (computer, tablet, smartphone, ecc.) e letto, ad esempio, durante la visita di un sito web, la lettura di un'e-mail, l'installazione o l'utilizzo di un software o di un'applicazione mobile, indipendentemente dal tipo di terminale utilizzato (fonte: <a href=\"https:\/\/www.cnil.fr\/fr\/cookies-traceurs-que-dit-la-loi\" target=\"_blank\" rel=\"noreferrer noopener\">https:\/\/www.cnil.fr\/fr\/cookies-traceurs-que-dit-la-loi<\/a> ).&nbsp;<\/p>\n\n\n\n<p>Durante la navigazione in questo sito, \u00e8 possibile che sul vostro terminale vengano installati cookie della societ\u00e0 responsabile del sito in questione e\/o di societ\u00e0 terze.&nbsp;<\/p>\n\n\n\n<p>Quando si naviga per la prima volta in questo sito, appare un banner che spiega l'uso dei cookie. Continuando a navigare nel sito, i clienti e\/o i potenziali clienti saranno considerati informati e avranno accettato l'uso dei cookie. Gli utenti possono disattivare i cookie utilizzando le impostazioni del proprio browser.&nbsp;<\/p>\n\n\n\n<p>Tutte le informazioni raccolte saranno utilizzate esclusivamente per monitorare il volume, il tipo e il modello di traffico che utilizza questo sito, per sviluppare il design e il layout del sito e per altri scopi amministrativi e di pianificazione e, in generale, per migliorare il servizio che vi offriamo.&nbsp;<\/p>\n\n\n\n<p>I \"cookie\" sono utilizzati anche da alcuni servizi indipendenti da renouvelable-habitat.fr per ricordare la vostra identificazione sui siti sociali o per fornire pubblicit\u00e0 mirata.&nbsp;<\/p>\n\n\n\n<ul class=\"wp-block-list\">\n<li>Google Analytics utilizza i cookie per elaborare statistiche:&nbsp;<a href=\"http:\/\/tools.google.com\/dlpage\/gaoptout\" target=\"_blank\" rel=\"noreferrer noopener\">maggiori informazioni<\/a>&nbsp;<\/li>\n<\/ul>\n\n\n\n<ul class=\"wp-block-list\">\n<li>Google :&nbsp;<a href=\"https:\/\/policies.google.com\/\" target=\"_blank\" rel=\"noreferrer noopener\">Regole di riservatezza e condizioni di utilizzo<\/a>&nbsp;<\/li>\n<\/ul>\n\n\n\n<p>Epic-guitare-electrique.com fornisce anche l'accesso a vari social network come Facebook, Twitter e Pinterest, oltre a link ai nostri vari partner commerciali. Anche questi servizi utilizzano i cookie. Condividiamo le informazioni sull'utilizzo del nostro sito con questi partner, che possono combinarle con altre informazioni che avete fornito loro o che hanno raccolto durante l'utilizzo dei loro servizi.&nbsp;<\/p>\n\n\n\n<ul class=\"wp-block-list\">\n<li>Facebook utilizza i cookie:&nbsp;<a href=\"https:\/\/www.facebook.com\/help\/365596123604315\" target=\"_blank\" rel=\"noreferrer noopener\">maggiori informazioni<\/a>&nbsp;<\/li>\n<\/ul>\n\n\n\n<ul class=\"wp-block-list\">\n<li>Twitter utilizza i cookie:&nbsp;<a href=\"https:\/\/support.twitter.com\/articles\/20171379\" target=\"_blank\" rel=\"noreferrer noopener\">maggiori informazioni<\/a>&nbsp;<\/li>\n<\/ul>\n\n\n\n<ul class=\"wp-block-list\">\n<li>Pinterest utilizza i cookie:&nbsp;<a href=\"https:\/\/policy.pinterest.com\/fr\/cookies\" target=\"_blank\" rel=\"noreferrer noopener\">maggiori informazioni<\/a>&nbsp;<\/li>\n<\/ul>\n\n\n\n<ul class=\"wp-block-list\">\n<li>Reddit utilizza i cookie:&nbsp;<a href=\"https:\/\/www.reddit.com\/wiki\/privacypolicy\" target=\"_blank\" rel=\"noreferrer noopener\">maggiori informazioni<\/a>&nbsp;<\/li>\n<\/ul>\n\n\n\n<ul class=\"wp-block-list\">\n<li>LinkedIn utilizza i cookie:&nbsp;<a href=\"https:\/\/www.linkedin.com\/legal\/cookie-policy?_l=fr_FR\" target=\"_blank\" rel=\"noreferrer noopener\">maggiori informazioni<\/a>&nbsp;<\/li>\n<\/ul>\n\n\n\n<ul class=\"wp-block-list\">\n<li>Amazon utilizza i cookie:&nbsp;<a href=\"https:\/\/www.amazon.fr\/gp\/help\/customer\/display.html?nodeId=548608\" target=\"_blank\" rel=\"noreferrer noopener\">maggiori informazioni<\/a>&nbsp;<\/li>\n<\/ul>\n\n\n\n<ul class=\"wp-block-list\">\n<li>TradeTracker utilizza i cookie:&nbsp;<a href=\"https:\/\/tradetracker.com\/fr\/cookie-policy\/\" target=\"_blank\" rel=\"noreferrer noopener\">maggiori informazioni<\/a>&nbsp;<\/li>\n<\/ul>\n\n\n\n<p><strong>Responsabilit\u00e0<\/strong>&nbsp;<\/p>\n\n\n\n<p>L'editore non potr\u00e0 essere ritenuto responsabile in caso di guasti, rotture, difficolt\u00e0 o interruzioni di funzionamento che impediscano l'accesso al sito o a una qualsiasi delle sue funzioni.&nbsp;<\/p>\n\n\n\n<p>L'attrezzatura utilizzata per connettersi al sito \u00e8 di esclusiva responsabilit\u00e0 dell'utente. L'utente deve adottare tutte le misure necessarie per proteggere le proprie apparecchiature e i propri dati, in particolare da attacchi virali via Internet. L'utente \u00e8 inoltre l'unico responsabile dei siti e dei dati che consulta.&nbsp;<\/p>\n\n\n\n<p>L'editore non pu\u00f2 essere ritenuto responsabile di eventuali azioni legali intraprese nei vostri confronti:&nbsp;<\/p>\n\n\n\n<p>- come risultato dell'utilizzo del sito o di qualsiasi servizio accessibile via Internet;&nbsp;<\/p>\n\n\n\n<p>- come conseguenza del mancato rispetto dei presenti termini e condizioni da parte dell'utente.&nbsp;<\/p>\n\n\n\n<p>L'editore non \u00e8 responsabile di eventuali danni causati all'utente, a terzi e\/o alle sue apparecchiature in seguito alla connessione o all'utilizzo del sito e l'utente rinuncia a qualsiasi rivendicazione nei suoi confronti.&nbsp;<\/p>\n\n\n\n<p>Se l'editore \u00e8 oggetto di un procedimento amichevole o legale a seguito dell'utilizzo del sito da parte dell'utente, pu\u00f2 agire nei confronti dell'utente per ottenere il risarcimento di tutte le perdite, somme, multe e costi che possono derivare da tali procedimenti.&nbsp;<\/p>\n\n\n\n<p><strong>Informazioni di contatto<\/strong>&nbsp;<\/p>\n\n\n\n<p>Per qualsiasi domanda o informazione sui prodotti presentati sul sito o sul sito stesso, \u00e8 possibile lasciare un messaggio al seguente indirizzo: <a href=\"mailto:contact@renouvelable-habitat.fr\" target=\"_blank\" rel=\"noreferrer noopener\">contact@renouvelable-habitat.fr<\/a>&nbsp;<\/p>\n\n<\/div>","protected":false},"excerpt":{"rendered":"<p>Droits d\u2019auteurs&nbsp;&nbsp;&nbsp; Le site et ses contenus sont prot\u00e9g\u00e9s au titre du droit d\u2019auteur conform\u00e9ment aux dispositions des livres I \u00e0 III du Code de la Propri\u00e9t\u00e9 Intellectuelle. A ce titre, toute reproduction, repr\u00e9sentation, utilisation, adaptation, modification, incorporation, traduction, commercialisation, partielle ou int\u00e9grale des \u00e9l\u00e9ments contenus dans ce site est interdite, sans l\u2019autorisation \u00e9crite pr\u00e9alable &#8230; <a title=\"Informazioni legali\" class=\"read-more\" href=\"https:\/\/renouvelable-habitat.fr\/it\/informazioni-legali\/\" aria-label=\"Per saperne di pi\u00f9 su Mentions l\u00e9gales\">Leggi tutto<\/a><\/p>","protected":false},"author":3,"featured_media":0,"parent":0,"menu_order":0,"comment_status":"closed","ping_status":"open","template":"","meta":{"_seopress_robots_primary_cat":"0","_seopress_titles_title":"","_seopress_titles_desc":"","_seopress_robots_index":"yes","inline_featured_image":false,"footnotes":""},"class_list":["post-3","page","type-page","status-publish"],"_links":{"self":[{"href":"https:\/\/renouvelable-habitat.fr\/it\/wp-json\/wp\/v2\/pages\/3","targetHints":{"allow":["GET"]}}],"collection":[{"href":"https:\/\/renouvelable-habitat.fr\/it\/wp-json\/wp\/v2\/pages"}],"about":[{"href":"https:\/\/renouvelable-habitat.fr\/it\/wp-json\/wp\/v2\/types\/page"}],"author":[{"embeddable":true,"href":"https:\/\/renouvelable-habitat.fr\/it\/wp-json\/wp\/v2\/users\/3"}],"replies":[{"embeddable":true,"href":"https:\/\/renouvelable-habitat.fr\/it\/wp-json\/wp\/v2\/comments?post=3"}],"version-history":[{"count":0,"href":"https:\/\/renouvelable-habitat.fr\/it\/wp-json\/wp\/v2\/pages\/3\/revisions"}],"wp:attachment":[{"href":"https:\/\/renouvelable-habitat.fr\/it\/wp-json\/wp\/v2\/media?parent=3"}],"curies":[{"name":"wp","href":"https:\/\/api.w.org\/{rel}","templated":true}]}}