{"id":3,"date":"2022-11-15T13:57:23","date_gmt":"2022-11-15T13:57:23","guid":{"rendered":"http:\/\/localhost:10008\/?page_id=3"},"modified":"2025-05-02T09:25:34","modified_gmt":"2025-05-02T08:25:34","slug":"informacoes-legais","status":"publish","type":"page","link":"https:\/\/renouvelable-habitat.fr\/pt\/informacoes-legais\/","title":{"rendered":"Informa\u00e7\u00f5es legais"},"content":{"rendered":"<div class=\"gb-container gb-container-0cc42ab5 alignwide\">\n\n<p><strong>Direitos autorais&nbsp;&nbsp;<\/strong>&nbsp;<\/p>\n\n\n\n<p>O site e seu conte\u00fado s\u00e3o protegidos por direitos autorais de acordo com as disposi\u00e7\u00f5es dos Livros I a III do C\u00f3digo de Propriedade Intelectual franc\u00eas. Dessa forma, qualquer reprodu\u00e7\u00e3o, representa\u00e7\u00e3o, uso, adapta\u00e7\u00e3o, modifica\u00e7\u00e3o, incorpora\u00e7\u00e3o, tradu\u00e7\u00e3o ou comercializa\u00e7\u00e3o, parcial ou total, dos elementos contidos neste site \u00e9 proibida sem a autoriza\u00e7\u00e3o pr\u00e9via por escrito dos autores, sob pena de constituir uma viola\u00e7\u00e3o dos direitos autorais.&nbsp;<\/p>\n\n\n\n<p><strong>Edi\u00e7\u00e3o do site<\/strong>&nbsp;<\/p>\n\n\n\n<p>O site https:\/\/renouvelable-habitat.fr\/ \u00e9 publicado por renouvelable-habitat.fr&nbsp;<\/p>\n\n\n\n<p><strong>Respons\u00e1vel pela publica\u00e7\u00e3o<\/strong>&nbsp;<\/p>\n\n\n\n<p>Benjamin Parcel. contact : benjamin@renouvelable-habitat.fr<\/p>\n\n\n\n<p><strong>Anfitri\u00e3o<\/strong>&nbsp;<\/p>\n\n\n\n<p>O site https:\/\/renouvelable-habitat.fr\/ \u00e9 hospedado pela O2switch SARL&nbsp;<\/p>\n\n\n\n<p>O nome de dom\u00ednio \u00e9 hospedado pela O2switch SARL&nbsp;<\/p>\n\n\n\n<p>Endere\u00e7o: 222 Boulevard Gustave Flaubert, 63000 Clermont-Ferrand&nbsp;<\/p>\n\n\n\n<p>N\u00famero de registro: 510 909 807 00024&nbsp;<\/p>\n\n\n\n<p>A O2 switch \u00e9 uma sociedade de responsabilidade limitada com capital social de \u20ac100.000&nbsp;<\/p>\n\n\n\n<p>A O2switch \u00e9 uma empresa do grupo Zohey SAS com capital de \u20ac 8.000.000.&nbsp;<\/p>\n\n\n\n<p><strong>Uso dos dados pessoais coletados&nbsp;<\/strong>&nbsp;<\/p>\n\n\n\n<p>Em geral, voc\u00ea n\u00e3o \u00e9 obrigado a nos fornecer seus dados pessoais quando visita nosso site. Entretanto, h\u00e1 algumas exce\u00e7\u00f5es a esse princ\u00edpio. Para determinados servi\u00e7os oferecidos pelo nosso site, pode ser solicitado que voc\u00ea nos forne\u00e7a alguns dados, como: seu nome, seu cargo, o nome da sua empresa, seu endere\u00e7o de e-mail e seu n\u00famero de telefone. Esse \u00e9 o caso quando voc\u00ea preenche o formul\u00e1rio on-line na se\u00e7\u00e3o \"contato\". Em todos os casos, voc\u00ea pode se recusar a fornecer seus dados pessoais. Nesse caso, voc\u00ea n\u00e3o poder\u00e1 usar os servi\u00e7os do site, em especial para solicitar informa\u00e7\u00f5es sobre nossa empresa ou para receber nossos boletins informativos.&nbsp;<\/p>\n\n\n\n<p>Por fim, este site pode coletar automaticamente determinadas informa\u00e7\u00f5es sobre voc\u00ea quando voc\u00ea simplesmente navega neste site, em particular informa\u00e7\u00f5es sobre como ele \u00e9 usado, como as \u00e1reas que voc\u00ea visita e os servi\u00e7os que acessa, seu endere\u00e7o IP, o tipo de navegador que voc\u00ea usa e seus hor\u00e1rios de acesso. Essas informa\u00e7\u00f5es s\u00e3o usadas exclusivamente para fins estat\u00edsticos internos, a fim de melhorar a qualidade dos servi\u00e7os oferecidos a voc\u00ea. Os bancos de dados s\u00e3o protegidos pelas disposi\u00e7\u00f5es da lei de 1\u00ba de julho de 1998 que transp\u00f5e a diretiva 96\/9 de 11 de mar\u00e7o de 1996 sobre a prote\u00e7\u00e3o legal de bancos de dados.&nbsp;<\/p>\n\n\n\n<p><strong>Coment\u00e1rios<\/strong>&nbsp;<\/p>\n\n\n\n<p>Quando voc\u00ea deixa um coment\u00e1rio em nosso site, os dados inseridos no formul\u00e1rio de coment\u00e1rio, seu endere\u00e7o IP e o agente de usu\u00e1rio do seu navegador s\u00e3o coletados para nos ajudar a detectar coment\u00e1rios indesej\u00e1veis.&nbsp;<\/p>\n\n\n\n<p>Uma cadeia an\u00f4nima criada a partir do seu endere\u00e7o de e-mail (tamb\u00e9m conhecida como hash) pode ser enviada ao servi\u00e7o Gravatar para verificar se voc\u00ea o est\u00e1 usando. As cl\u00e1usulas de confidencialidade do servi\u00e7o Gravatar est\u00e3o dispon\u00edveis aqui :&nbsp;&nbsp;<\/p>\n\n\n\n<p>Depois que seu coment\u00e1rio for validado, sua foto de perfil ficar\u00e1 vis\u00edvel publicamente ao lado do seu coment\u00e1rio.&nbsp;<\/p>\n\n\n\n<p>Se voc\u00ea deixar um coment\u00e1rio em nosso site, ser\u00e1 solicitado que voc\u00ea salve seu nome, endere\u00e7o de e-mail e site nos cookies. Isso \u00e9 apenas para sua conveni\u00eancia, para que voc\u00ea n\u00e3o precise inserir essas informa\u00e7\u00f5es se deixar outro coment\u00e1rio posteriormente. Esses cookies expiram ap\u00f3s um ano.&nbsp;<\/p>\n\n\n\n<p>Se voc\u00ea deixar um coment\u00e1rio, o coment\u00e1rio e seus metadados ser\u00e3o mantidos indefinidamente. Isso permite que os coment\u00e1rios subsequentes sejam reconhecidos e aprovados automaticamente, em vez de ficarem na fila de modera\u00e7\u00e3o.&nbsp;<\/p>\n\n\n\n<p>Os artigos deste site podem incluir conte\u00fado incorporado (por exemplo, v\u00eddeos, imagens, artigos etc.). O conte\u00fado incorporado de outros sites se comporta da mesma forma como se o visitante estivesse visitando esse outro site. Esses sites podem coletar dados sobre voc\u00ea, usar cookies, incorporar ferramentas de rastreamento de terceiros e rastrear suas intera\u00e7\u00f5es com esse conte\u00fado incorporado se voc\u00ea tiver uma conta conectada no site deles.&nbsp;<\/p>\n\n\n\n<p><strong>M\u00eddia, imagens e v\u00eddeos<\/strong>&nbsp;<\/p>\n\n\n\n<p>As imagens e os v\u00eddeos usados e publicados no site https:\/\/renouvelable-habitat.fr\/ s\u00e3o provenientes da Internet.  Na medida do poss\u00edvel, tentamos usar imagens livres de royalties por meio de <a href=\"https:\/\/pixabay.com\/fr\/\" target=\"_blank\" rel=\"noreferrer noopener\">https:\/\/pixabay.com\/fr\/<\/a> por exemplo.&nbsp;&nbsp;<\/p>\n\n\n\n<p>Se, no entanto, uma imagem ou v\u00eddeo cujos direitos n\u00e3o s\u00e3o gratuitos tiver sido usado em nosso site, removeremos imediatamente os elementos ap\u00f3s entrar em contato conosco por meio de <a href=\"mailto:contact@renouvelable-habitat.fr\" target=\"_blank\" rel=\"noreferrer noopener\">contact@renouvelable-habitat.fr<\/a>&nbsp;<\/p>\n\n\n\n<p><strong>Cookies<\/strong>&nbsp;<\/p>\n\n\n\n<p>O que \u00e9 um cookie?&nbsp;<\/p>\n\n\n\n<p>Um cookie \u00e9 um arquivo eletr\u00f4nico armazenado em um terminal (computador, tablet, smartphone, etc.) e lido, por exemplo, ao visitar um site, ler um e-mail, instalar ou usar um software ou um aplicativo m\u00f3vel, independentemente do tipo de terminal usado (fonte: <a href=\"https:\/\/www.cnil.fr\/fr\/cookies-traceurs-que-dit-la-loi\" target=\"_blank\" rel=\"noreferrer noopener\">https:\/\/www.cnil.fr\/fr\/cookies-traceurs-que-dit-la-loi<\/a> ).&nbsp;<\/p>\n\n\n\n<p>Ao navegar neste site, os cookies da empresa respons\u00e1vel pelo site em quest\u00e3o e\/ou de empresas terceirizadas podem ser colocados em seu terminal.&nbsp;<\/p>\n\n\n\n<p>Ao navegar neste site pela primeira vez, ser\u00e1 exibido um banner explicando o uso de cookies. Ao continuar a navegar no site, considera-se que os clientes e\/ou clientes potenciais foram informados e aceitaram o uso de cookies. Os usu\u00e1rios podem desativar os cookies usando as configura\u00e7\u00f5es do navegador.&nbsp;<\/p>\n\n\n\n<p>Todas as informa\u00e7\u00f5es coletadas ser\u00e3o usadas apenas para monitorar o volume, o tipo e o padr\u00e3o de tr\u00e1fego que utiliza este site, para desenvolver o design e o layout do site e para outros fins administrativos e de planejamento e, em geral, para aprimorar o servi\u00e7o que oferecemos ao usu\u00e1rio.&nbsp;<\/p>\n\n\n\n<p>Os \"cookies\" tamb\u00e9m s\u00e3o usados por determinados servi\u00e7os independentes do renouvelable-habitat.fr para lembrar sua identifica\u00e7\u00e3o em sites sociais ou para fornecer publicidade direcionada.&nbsp;<\/p>\n\n\n\n<ul class=\"wp-block-list\">\n<li>O Google Analytics usa cookies para compilar estat\u00edsticas:&nbsp;<a href=\"http:\/\/tools.google.com\/dlpage\/gaoptout\" target=\"_blank\" rel=\"noreferrer noopener\">Mais informa\u00e7\u00f5es<\/a>&nbsp;<\/li>\n<\/ul>\n\n\n\n<ul class=\"wp-block-list\">\n<li>Google :&nbsp;<a href=\"https:\/\/policies.google.com\/\" target=\"_blank\" rel=\"noreferrer noopener\">Regras de confidencialidade e condi\u00e7\u00f5es de uso<\/a>&nbsp;<\/li>\n<\/ul>\n\n\n\n<p>O site Epic-guitare-electrique.com tamb\u00e9m fornece acesso a v\u00e1rias redes sociais, como Facebook, Twitter e Pinterest, al\u00e9m de links para nossos v\u00e1rios parceiros comerciais. Esses servi\u00e7os tamb\u00e9m usam cookies. Compartilhamos informa\u00e7\u00f5es sobre o uso de nosso site com esses parceiros, que podem combin\u00e1-las com outras informa\u00e7\u00f5es que voc\u00ea forneceu a eles ou que eles coletaram durante o uso de seus servi\u00e7os.&nbsp;<\/p>\n\n\n\n<ul class=\"wp-block-list\">\n<li>O Facebook usa cookies:&nbsp;<a href=\"https:\/\/www.facebook.com\/help\/365596123604315\" target=\"_blank\" rel=\"noreferrer noopener\">Mais informa\u00e7\u00f5es<\/a>&nbsp;<\/li>\n<\/ul>\n\n\n\n<ul class=\"wp-block-list\">\n<li>O Twitter usa cookies:&nbsp;<a href=\"https:\/\/support.twitter.com\/articles\/20171379\" target=\"_blank\" rel=\"noreferrer noopener\">Mais informa\u00e7\u00f5es<\/a>&nbsp;<\/li>\n<\/ul>\n\n\n\n<ul class=\"wp-block-list\">\n<li>O Pinterest usa cookies:&nbsp;<a href=\"https:\/\/policy.pinterest.com\/fr\/cookies\" target=\"_blank\" rel=\"noreferrer noopener\">Mais informa\u00e7\u00f5es<\/a>&nbsp;<\/li>\n<\/ul>\n\n\n\n<ul class=\"wp-block-list\">\n<li>O Reddit usa cookies:&nbsp;<a href=\"https:\/\/www.reddit.com\/wiki\/privacypolicy\" target=\"_blank\" rel=\"noreferrer noopener\">Mais informa\u00e7\u00f5es<\/a>&nbsp;<\/li>\n<\/ul>\n\n\n\n<ul class=\"wp-block-list\">\n<li>O LinkedIn usa cookies:&nbsp;<a href=\"https:\/\/www.linkedin.com\/legal\/cookie-policy?_l=fr_FR\" target=\"_blank\" rel=\"noreferrer noopener\">Mais informa\u00e7\u00f5es<\/a>&nbsp;<\/li>\n<\/ul>\n\n\n\n<ul class=\"wp-block-list\">\n<li>A Amazon usa cookies:&nbsp;<a href=\"https:\/\/www.amazon.fr\/gp\/help\/customer\/display.html?nodeId=548608\" target=\"_blank\" rel=\"noreferrer noopener\">Mais informa\u00e7\u00f5es<\/a>&nbsp;<\/li>\n<\/ul>\n\n\n\n<ul class=\"wp-block-list\">\n<li>A TradeTracker usa cookies:&nbsp;<a href=\"https:\/\/tradetracker.com\/fr\/cookie-policy\/\" target=\"_blank\" rel=\"noreferrer noopener\">Mais informa\u00e7\u00f5es<\/a>&nbsp;<\/li>\n<\/ul>\n\n\n\n<p><strong>Responsabilidades<\/strong>&nbsp;<\/p>\n\n\n\n<p>O editor n\u00e3o poder\u00e1 ser responsabilizado no caso de qualquer falha, colapso, dificuldade ou interrup\u00e7\u00e3o na opera\u00e7\u00e3o que impe\u00e7a o acesso ao site ou a qualquer uma de suas fun\u00e7\u00f5es.&nbsp;<\/p>\n\n\n\n<p>O equipamento que voc\u00ea usa para se conectar ao site \u00e9 de sua exclusiva responsabilidade. Voc\u00ea deve tomar todas as medidas apropriadas para proteger seu equipamento e seus pr\u00f3prios dados, especialmente contra ataques virais via Internet. Voc\u00ea tamb\u00e9m \u00e9 o \u00fanico respons\u00e1vel pelos sites e dados que consultar.&nbsp;<\/p>\n\n\n\n<p>O editor n\u00e3o pode ser responsabilizado por qualquer a\u00e7\u00e3o legal tomada contra voc\u00ea:&nbsp;<\/p>\n\n\n\n<p>- como resultado do uso do site ou de qualquer servi\u00e7o acess\u00edvel pela Internet;&nbsp;<\/p>\n\n\n\n<p>- como resultado de sua falha em cumprir com estes termos e condi\u00e7\u00f5es.&nbsp;<\/p>\n\n\n\n<p>O editor n\u00e3o \u00e9 respons\u00e1vel por nenhum dano causado a voc\u00ea, a terceiros e\/ou ao seu equipamento como resultado de sua conex\u00e3o ou uso do site, e voc\u00ea renuncia a qualquer reivindica\u00e7\u00e3o contra ele a esse respeito.&nbsp;<\/p>\n\n\n\n<p>Se o editor for objeto de processos judiciais ou amig\u00e1veis como resultado de seu uso do site, ele poder\u00e1 tomar medidas contra voc\u00ea para obter compensa\u00e7\u00e3o por todas as perdas, somas, multas e custos que possam surgir desses processos.&nbsp;<\/p>\n\n\n\n<p><strong>Informa\u00e7\u00f5es de contato<\/strong>&nbsp;<\/p>\n\n\n\n<p>Se tiver alguma d\u00favida ou precisar de informa\u00e7\u00f5es sobre os produtos apresentados no site, ou sobre o pr\u00f3prio site, voc\u00ea pode deixar uma mensagem no seguinte endere\u00e7o: <a href=\"mailto:contact@renouvelable-habitat.fr\" target=\"_blank\" rel=\"noreferrer noopener\">contact@renouvelable-habitat.fr<\/a>&nbsp;<\/p>\n\n<\/div>","protected":false},"excerpt":{"rendered":"<p>Droits d\u2019auteurs&nbsp;&nbsp;&nbsp; Le site et ses contenus sont prot\u00e9g\u00e9s au titre du droit d\u2019auteur conform\u00e9ment aux dispositions des livres I \u00e0 III du Code de la Propri\u00e9t\u00e9 Intellectuelle. A ce titre, toute reproduction, repr\u00e9sentation, utilisation, adaptation, modification, incorporation, traduction, commercialisation, partielle ou int\u00e9grale des \u00e9l\u00e9ments contenus dans ce site est interdite, sans l\u2019autorisation \u00e9crite pr\u00e9alable &#8230; <a title=\"Informa\u00e7\u00f5es legais\" class=\"read-more\" href=\"https:\/\/renouvelable-habitat.fr\/pt\/informacoes-legais\/\" aria-label=\"Read more about Mentions l\u00e9gales\">Leia, mas<\/a><\/p>","protected":false},"author":3,"featured_media":0,"parent":0,"menu_order":0,"comment_status":"closed","ping_status":"open","template":"","meta":{"_seopress_robots_primary_cat":"0","_seopress_titles_title":"","_seopress_titles_desc":"","_seopress_robots_index":"yes","inline_featured_image":false,"footnotes":""},"class_list":["post-3","page","type-page","status-publish"],"_links":{"self":[{"href":"https:\/\/renouvelable-habitat.fr\/pt\/wp-json\/wp\/v2\/pages\/3","targetHints":{"allow":["GET"]}}],"collection":[{"href":"https:\/\/renouvelable-habitat.fr\/pt\/wp-json\/wp\/v2\/pages"}],"about":[{"href":"https:\/\/renouvelable-habitat.fr\/pt\/wp-json\/wp\/v2\/types\/page"}],"author":[{"embeddable":true,"href":"https:\/\/renouvelable-habitat.fr\/pt\/wp-json\/wp\/v2\/users\/3"}],"replies":[{"embeddable":true,"href":"https:\/\/renouvelable-habitat.fr\/pt\/wp-json\/wp\/v2\/comments?post=3"}],"version-history":[{"count":0,"href":"https:\/\/renouvelable-habitat.fr\/pt\/wp-json\/wp\/v2\/pages\/3\/revisions"}],"wp:attachment":[{"href":"https:\/\/renouvelable-habitat.fr\/pt\/wp-json\/wp\/v2\/media?parent=3"}],"curies":[{"name":"wp","href":"https:\/\/api.w.org\/{rel}","templated":true}]}}